{"id":9201,"date":"2020-11-24T08:42:28","date_gmt":"2020-11-24T07:42:28","guid":{"rendered":"https:\/\/new.dorbena.com\/garanties\/"},"modified":"2020-11-24T08:42:29","modified_gmt":"2020-11-24T07:42:29","slug":"garanties","status":"publish","type":"page","link":"https:\/\/www.dorbena.com\/fr\/garanties\/","title":{"rendered":"Garanties"},"content":{"rendered":"<div id='av_section_1'  class='avia-section av-kaz41y16-10720ef12cea72f03f56bcf2544f62c1 main_color avia-section-default avia-no-border-styling  avia-builder-el-0  avia-builder-el-no-sibling  avia-bg-style-scroll container_wrap fullsize'  ><div class='container av-section-cont-open' ><main  role=\"main\" itemprop=\"mainContentOfPage\"  class='template-page content  av-content-full alpha units'><div class='post-entry post-entry-type-page post-entry-9201'><div class='entry-content-wrapper clearfix'>\n\n<style type=\"text\/css\" data-created_by=\"avia_inline_auto\" id=\"style-css-av-ketr2xzi-0ac33736c1a9bbb4def8b14055958626\">\n#top .av-special-heading.av-ketr2xzi-0ac33736c1a9bbb4def8b14055958626{\npadding-bottom:50px;\n}\nbody .av-special-heading.av-ketr2xzi-0ac33736c1a9bbb4def8b14055958626 .av-special-heading-tag .heading-char{\nfont-size:25px;\n}\n.av-special-heading.av-ketr2xzi-0ac33736c1a9bbb4def8b14055958626 .av-subheading{\nfont-size:15px;\n}\n<\/style>\n<div  class='av-special-heading av-ketr2xzi-0ac33736c1a9bbb4def8b14055958626 av-special-heading-h2 custom-color-heading blockquote modern-quote  avia-builder-el-1  el_before_av_textblock  avia-builder-el-first  av-linked-heading'><h2 class='av-special-heading-tag '  itemprop=\"headline\"  >Garanties : trois ans de garantie sur les d\u00e9fauts de production de nos duvets et oreillers<\/h2><div class=\"special-heading-border\"><div class=\"special-heading-inner-border\"><\/div><\/div><\/div>\n<section  class='av_textblock_section av-k4cjf17w-fdbefc71da2014a505ce01eb231402a3 '   itemscope=\"itemscope\" itemtype=\"https:\/\/schema.org\/CreativeWork\" ><div class='avia_textblock'  itemprop=\"text\" ><div class=\"csc-header csc-header-n1\">\n<div class=\"csc-header csc-header-n1\">\n<h4>Garantie<\/h4>\n<\/div>\n<p>Qui offre une garantie de 8\u2019760 heures de sommeil (365 nuits de 8 heures pendant 3 ans) sur ses produits doit \u00eatre s\u00fbr de sa qualit\u00e9. Tr\u00e8s s\u00fbr. Voil\u00e0 pourquoi nous offrons une garantie de trois ans sur nos duvets et oreillers.<\/p>\n<h4>Dur\u00e9e de vie des duvets<\/h4>\n<p>Pour ne pas compromettre la qualit\u00e9 du sommeil, les duvets ne devraient pas \u00eatre utilis\u00e9s pendant plus de huit ans, m\u00eame s\u2019ils sont entretenus de mani\u00e8re ad\u00e9quate.<\/p>\n<h4>Dur\u00e9e de vie des oreillers<\/h4>\n<p>Pour ne pas compromettre la qualit\u00e9 du sommeil, les oreillers ne devraient pas \u00eatre utilis\u00e9s pendant plus de cinq ans, m\u00eame s\u2019ils sont entretenus de mani\u00e8re ad\u00e9quate.<\/p>\n<\/div>\n<\/div><\/section>\n\n","protected":false},"excerpt":{"rendered":"","protected":false},"author":1,"featured_media":0,"parent":0,"menu_order":5,"comment_status":"closed","ping_status":"closed","template":"","meta":{"footnotes":""},"class_list":["post-9201","page","type-page","status-publish","hentry"],"yoast_head":"<!-- This site is optimized with the Yoast SEO plugin v27.1.1 - https:\/\/yoast.com\/product\/yoast-seo-wordpress\/ -->\n<title>Garanties - Duvets, Bettdecken, Kissen, Matratzenauflagen<\/title>\n<meta name=\"robots\" content=\"index, follow, max-snippet:-1, max-image-preview:large, max-video-preview:-1\" \/>\n<link rel=\"canonical\" href=\"https:\/\/www.dorbena.com\/fr\/garanties\/\" \/>\n<meta property=\"og:locale\" content=\"fr_FR\" \/>\n<meta property=\"og:type\" content=\"article\" \/>\n<meta property=\"og:title\" content=\"Garanties - Duvets, Bettdecken, Kissen, Matratzenauflagen\" \/>\n<meta property=\"og:url\" content=\"https:\/\/www.dorbena.com\/fr\/garanties\/\" \/>\n<meta property=\"og:site_name\" content=\"Duvets, Bettdecken, Kissen, Matratzenauflagen\" \/>\n<meta property=\"article:modified_time\" content=\"2020-11-24T07:42:29+00:00\" \/>\n<meta name=\"twitter:card\" content=\"summary_large_image\" \/>\n<meta name=\"twitter:label1\" content=\"Dur\u00e9e de lecture estim\u00e9e\" \/>\n\t<meta name=\"twitter:data1\" content=\"2 minutes\" \/>\n<script type=\"application\/ld+json\" class=\"yoast-schema-graph\">{\"@context\":\"https:\/\/schema.org\",\"@graph\":[{\"@type\":\"WebPage\",\"@id\":\"https:\/\/www.dorbena.com\/fr\/garanties\/\",\"url\":\"https:\/\/www.dorbena.com\/fr\/garanties\/\",\"name\":\"Garanties - Duvets, Bettdecken, Kissen, Matratzenauflagen\",\"isPartOf\":{\"@id\":\"https:\/\/www.dorbena.com\/fr\/#website\"},\"datePublished\":\"2020-11-24T07:42:28+00:00\",\"dateModified\":\"2020-11-24T07:42:29+00:00\",\"breadcrumb\":{\"@id\":\"https:\/\/www.dorbena.com\/fr\/garanties\/#breadcrumb\"},\"inLanguage\":\"fr-FR\",\"potentialAction\":[{\"@type\":\"ReadAction\",\"target\":[\"https:\/\/www.dorbena.com\/fr\/garanties\/\"]}]},{\"@type\":\"BreadcrumbList\",\"@id\":\"https:\/\/www.dorbena.com\/fr\/garanties\/#breadcrumb\",\"itemListElement\":[{\"@type\":\"ListItem\",\"position\":1,\"name\":\"Startseite\",\"item\":\"https:\/\/www.dorbena.com\/fr\/\"},{\"@type\":\"ListItem\",\"position\":2,\"name\":\"Garanties\"}]},{\"@type\":\"WebSite\",\"@id\":\"https:\/\/www.dorbena.com\/fr\/#website\",\"url\":\"https:\/\/www.dorbena.com\/fr\/\",\"name\":\"Duvets, Bettdecken, Kissen, Matratzenauflagen\",\"description\":\"Dorbena AG Bettwarenfabrik\",\"potentialAction\":[{\"@type\":\"SearchAction\",\"target\":{\"@type\":\"EntryPoint\",\"urlTemplate\":\"https:\/\/www.dorbena.com\/fr\/?s={search_term_string}\"},\"query-input\":{\"@type\":\"PropertyValueSpecification\",\"valueRequired\":true,\"valueName\":\"search_term_string\"}}],\"inLanguage\":\"fr-FR\"}]}<\/script>\n<!-- \/ Yoast SEO plugin. -->","yoast_head_json":{"title":"Garanties - Duvets, Bettdecken, Kissen, Matratzenauflagen","robots":{"index":"index","follow":"follow","max-snippet":"max-snippet:-1","max-image-preview":"max-image-preview:large","max-video-preview":"max-video-preview:-1"},"canonical":"https:\/\/www.dorbena.com\/fr\/garanties\/","og_locale":"fr_FR","og_type":"article","og_title":"Garanties - Duvets, Bettdecken, Kissen, Matratzenauflagen","og_url":"https:\/\/www.dorbena.com\/fr\/garanties\/","og_site_name":"Duvets, Bettdecken, Kissen, Matratzenauflagen","article_modified_time":"2020-11-24T07:42:29+00:00","twitter_card":"summary_large_image","twitter_misc":{"Dur\u00e9e de lecture estim\u00e9e":"2 minutes"},"schema":{"@context":"https:\/\/schema.org","@graph":[{"@type":"WebPage","@id":"https:\/\/www.dorbena.com\/fr\/garanties\/","url":"https:\/\/www.dorbena.com\/fr\/garanties\/","name":"Garanties - Duvets, Bettdecken, Kissen, Matratzenauflagen","isPartOf":{"@id":"https:\/\/www.dorbena.com\/fr\/#website"},"datePublished":"2020-11-24T07:42:28+00:00","dateModified":"2020-11-24T07:42:29+00:00","breadcrumb":{"@id":"https:\/\/www.dorbena.com\/fr\/garanties\/#breadcrumb"},"inLanguage":"fr-FR","potentialAction":[{"@type":"ReadAction","target":["https:\/\/www.dorbena.com\/fr\/garanties\/"]}]},{"@type":"BreadcrumbList","@id":"https:\/\/www.dorbena.com\/fr\/garanties\/#breadcrumb","itemListElement":[{"@type":"ListItem","position":1,"name":"Startseite","item":"https:\/\/www.dorbena.com\/fr\/"},{"@type":"ListItem","position":2,"name":"Garanties"}]},{"@type":"WebSite","@id":"https:\/\/www.dorbena.com\/fr\/#website","url":"https:\/\/www.dorbena.com\/fr\/","name":"Duvets, Bettdecken, Kissen, Matratzenauflagen","description":"Dorbena AG Bettwarenfabrik","potentialAction":[{"@type":"SearchAction","target":{"@type":"EntryPoint","urlTemplate":"https:\/\/www.dorbena.com\/fr\/?s={search_term_string}"},"query-input":{"@type":"PropertyValueSpecification","valueRequired":true,"valueName":"search_term_string"}}],"inLanguage":"fr-FR"}]}},"_links":{"self":[{"href":"https:\/\/www.dorbena.com\/fr\/wp-json\/wp\/v2\/pages\/9201","targetHints":{"allow":["GET"]}}],"collection":[{"href":"https:\/\/www.dorbena.com\/fr\/wp-json\/wp\/v2\/pages"}],"about":[{"href":"https:\/\/www.dorbena.com\/fr\/wp-json\/wp\/v2\/types\/page"}],"author":[{"embeddable":true,"href":"https:\/\/www.dorbena.com\/fr\/wp-json\/wp\/v2\/users\/1"}],"replies":[{"embeddable":true,"href":"https:\/\/www.dorbena.com\/fr\/wp-json\/wp\/v2\/comments?post=9201"}],"version-history":[{"count":0,"href":"https:\/\/www.dorbena.com\/fr\/wp-json\/wp\/v2\/pages\/9201\/revisions"}],"wp:attachment":[{"href":"https:\/\/www.dorbena.com\/fr\/wp-json\/wp\/v2\/media?parent=9201"}],"curies":[{"name":"wp","href":"https:\/\/api.w.org\/{rel}","templated":true}]}}