{"id":9163,"date":"2020-11-24T08:36:09","date_gmt":"2020-11-24T07:36:09","guid":{"rendered":"https:\/\/new.dorbena.com\/symboles-dentretien\/"},"modified":"2020-11-24T08:36:11","modified_gmt":"2020-11-24T07:36:11","slug":"symboles-dentretien","status":"publish","type":"page","link":"https:\/\/www.dorbena.com\/fr\/symboles-dentretien\/","title":{"rendered":"Symboles d\u2019entretien"},"content":{"rendered":"<div id='av_section_1'  class='avia-section av-bsipe-8d94d94087e9ab92dd67de990041ca00 main_color avia-section-large avia-no-border-styling  avia-builder-el-0  el_before_av_hr  avia-builder-el-first  avia-bg-style-scroll container_wrap fullsize'  ><div class='container av-section-cont-open' ><main  role=\"main\" itemprop=\"mainContentOfPage\"  class='template-page content  av-content-full alpha units'><div class='post-entry post-entry-type-page post-entry-9163'><div class='entry-content-wrapper clearfix'>\n\n<style type=\"text\/css\" data-created_by=\"avia_inline_auto\" id=\"style-css-av-8b5l6-2935db7b600565cf59e58193ae4778f0\">\n#top .av-special-heading.av-8b5l6-2935db7b600565cf59e58193ae4778f0{\npadding-bottom:50px;\n}\nbody .av-special-heading.av-8b5l6-2935db7b600565cf59e58193ae4778f0 .av-special-heading-tag .heading-char{\nfont-size:25px;\n}\n.av-special-heading.av-8b5l6-2935db7b600565cf59e58193ae4778f0 .av-subheading{\nfont-size:15px;\n}\n<\/style>\n<div  class='av-special-heading av-8b5l6-2935db7b600565cf59e58193ae4778f0 av-special-heading-h2 custom-color-heading blockquote modern-quote  avia-builder-el-1  el_before_av_textblock  avia-builder-el-first  av-linked-heading'><h2 class='av-special-heading-tag '  itemprop=\"headline\"  >Entretien<\/h2><div class=\"special-heading-border\"><div class=\"special-heading-inner-border\"><\/div><\/div><\/div>\n<section  class='av_textblock_section av-k4cjf17w-8c21d3bee50b2d35c77e43fa2ba67d0f '   itemscope=\"itemscope\" itemtype=\"https:\/\/schema.org\/CreativeWork\" ><div class='avia_textblock'  itemprop=\"text\" ><h4>Laver la literie<\/h4>\n<p>Vous pouvez laver vous-m\u00eame sans probl\u00e8me nos duvets et coussins avec des instructions de lavage.<\/p>\n<p>Veuillez suivre les conseils d&rsquo;entretien suivants\u00a0:<\/p>\n<ul>\n<li>Utiliser une machine \u00e0 laver suffisamment grande<\/li>\n<li>Toujours laver la literie s\u00e9par\u00e9ment avec un produit pour linge fin au pH neutre<\/li>\n<li>Choisir un programme avec essorage (la literie absorbe un multiple de son propre poids en eau)<\/li>\n<li>Pour \u00e9viter tout probl\u00e8me, observez toujours le symbole d\u2019entretien.<\/li>\n<\/ul>\n<\/div><\/section>\n\n<style type=\"text\/css\" data-created_by=\"avia_inline_auto\" id=\"style-css-av-8mnxu-ec721290e375c49c13b49a8b76d1d87a\">\n#top .hr.hr-invisible.av-8mnxu-ec721290e375c49c13b49a8b76d1d87a{\nheight:30px;\n}\n<\/style>\n<div  class='hr av-8mnxu-ec721290e375c49c13b49a8b76d1d87a hr-invisible  avia-builder-el-3  el_after_av_textblock  el_before_av_textblock '><span class='hr-inner '><span class=\"hr-inner-style\"><\/span><\/span><\/div>\n<section  class='av_textblock_section av-k4cjf17w-fdbefc71da2014a505ce01eb231402a3 '   itemscope=\"itemscope\" itemtype=\"https:\/\/schema.org\/CreativeWork\" ><div class='avia_textblock'  itemprop=\"text\" ><h4>S\u00e9cher la literie<\/h4>\n<ul>\n<li>Indispensable\u00a0: s\u00e9chage s\u00e9par\u00e9 dans un s\u00e8che-linge<\/li>\n<li>Pour les flocons de duvet et plumes, r\u00e9gler le s\u00e8che-linge sur \u00ab\u00a0tr\u00e8s sec\u00a0\u00bb ou \u00ab\u00a0temp\u00e9rature maximale\u00a0\u00bb, ne pas utiliser de programme automatique<\/li>\n<li>Pour les produits synth\u00e9tiques, r\u00e9gler le s\u00e8che-linge sur 60\u00a0\u00b0C<\/li>\n<li>Interrompre le s\u00e9chage toutes les 30 minutes pour secouer bri\u00e8vement les duvets\/oreillers<\/li>\n<li>S\u00e9cher pendant env. 60-120 minutes, puis soufflage \u00e0 froid pendant quelques minutes<\/li>\n<li>Contr\u00f4ler le degr\u00e9 d&rsquo;humidit\u00e9 en p\u00e9trissant bien les duvets\/oreillers refroidis\u00a0; si n\u00e9cessaire, s\u00e9cher encore une fois (le duvet\/l\u2019oreiller chaud semble plus sec qu\u2019il ne l&rsquo;est en r\u00e9alit\u00e9).<\/li>\n<\/ul>\n<\/div><\/section>\n\n<style type=\"text\/css\" data-created_by=\"avia_inline_auto\" id=\"style-css-av-8mnxu-ec721290e375c49c13b49a8b76d1d87a\">\n#top .hr.hr-invisible.av-8mnxu-ec721290e375c49c13b49a8b76d1d87a{\nheight:30px;\n}\n<\/style>\n<div  class='hr av-8mnxu-ec721290e375c49c13b49a8b76d1d87a hr-invisible  avia-builder-el-5  el_after_av_textblock  el_before_av_textblock '><span class='hr-inner '><span class=\"hr-inner-style\"><\/span><\/span><\/div>\n<section  class='av_textblock_section av-k4cjf17w-8c21d3bee50b2d35c77e43fa2ba67d0f '   itemscope=\"itemscope\" itemtype=\"https:\/\/schema.org\/CreativeWork\" ><div class='avia_textblock'  itemprop=\"text\" ><h4>Conseils g\u00e9n\u00e9raux d\u2019entretien<\/h4>\n<ul>\n<li>Secouer r\u00e9guli\u00e8rement les duvets et oreillers<\/li>\n<li>Ne pas traiter les duvets et coussins avec la tapette \u00e0 tapis<\/li>\n<li>Faire nettoyer les duvets par un sp\u00e9cialiste apr\u00e8s 5 \u2013 8 ans<\/li>\n<li>Remplacer les oreillers apr\u00e8s 3 \u2013 8 ans.<\/li>\n<li>Ne pas pendre au soleil<\/li>\n<\/ul>\n<\/div><\/section>\n<\/div><\/div><\/main><!-- close content main element --><\/div><\/div><div id='after_section_1'  class='main_color av_default_container_wrap container_wrap fullsize'  ><div class='container av-section-cont-open' ><div class='template-page content  av-content-full alpha units'><div class='post-entry post-entry-type-page post-entry-9163'><div class='entry-content-wrapper clearfix'>\n<style type=\"text\/css\" data-created_by=\"avia_inline_auto\" id=\"style-css-av-8mnxu-ec721290e375c49c13b49a8b76d1d87a\">\n#top .hr.hr-invisible.av-8mnxu-ec721290e375c49c13b49a8b76d1d87a{\nheight:30px;\n}\n<\/style>\n<div  class='hr av-8mnxu-ec721290e375c49c13b49a8b76d1d87a hr-invisible  avia-builder-el-7  el_after_av_section  el_before_av_section  avia-builder-el-no-sibling '><span class='hr-inner '><span class=\"hr-inner-style\"><\/span><\/span><\/div><\/p>\n<\/div><\/div><\/div><!-- close content main div --><\/div><\/div><div id='waeschezeichen'  class='avia-section av-k5qk3lw9-360c462ca127018fab06df36cee5ec52 main_color avia-section-no-padding avia-no-border-styling  avia-builder-el-8  el_after_av_hr  avia-builder-el-last  avia-bg-style-scroll container_wrap fullsize'  ><div class='container av-section-cont-open' ><div class='template-page content  av-content-full alpha units'><div class='post-entry post-entry-type-page post-entry-9163'><div class='entry-content-wrapper clearfix'>\n\n<style type=\"text\/css\" data-created_by=\"avia_inline_auto\" id=\"style-css-av-8ftsq-f7c3dee410953ebfa0fe355d17be04ec\">\n#top .av-special-heading.av-8ftsq-f7c3dee410953ebfa0fe355d17be04ec{\npadding-bottom:50px;\n}\nbody .av-special-heading.av-8ftsq-f7c3dee410953ebfa0fe355d17be04ec .av-special-heading-tag .heading-char{\nfont-size:25px;\n}\n.av-special-heading.av-8ftsq-f7c3dee410953ebfa0fe355d17be04ec .av-subheading{\nfont-size:15px;\n}\n<\/style>\n<div  class='av-special-heading av-8ftsq-f7c3dee410953ebfa0fe355d17be04ec av-special-heading-h2 custom-color-heading blockquote modern-quote  avia-builder-el-9  el_before_av_one_half  avia-builder-el-first '><h2 class='av-special-heading-tag '  itemprop=\"headline\"  >Symboles d\u2019entretien<\/h2><div class=\"special-heading-border\"><div class=\"special-heading-inner-border\"><\/div><\/div><\/div>\n\n<style type=\"text\/css\" data-created_by=\"avia_inline_auto\" id=\"style-css-av-27hqi4-b8f930a15d08603571db5c0d48e3af25\">\n.flex_column.av-27hqi4-b8f930a15d08603571db5c0d48e3af25{\nborder-radius:0px 0px 0px 0px;\npadding:0px 0px 0px 0px;\n}\n<\/style>\n<div  class='flex_column av-27hqi4-b8f930a15d08603571db5c0d48e3af25 av_one_half  avia-builder-el-10  el_after_av_heading  el_before_av_one_half  first flex_column_div av-zero-column-padding  '     ><section  class='av_textblock_section av-jtigx353-30d2035ff33ef2fc00b0062d4d54c505 '   itemscope=\"itemscope\" itemtype=\"https:\/\/schema.org\/CreativeWork\" ><div class='avia_textblock'  itemprop=\"text\" ><div class=\"csc-header csc-header-n1\">\n<h4 class=\"csc-firstHeader\"><img loading=\"lazy\" decoding=\"async\" class=\"size-full wp-image-396 alignnone\" src=\"https:\/\/www.dorbena.com\/wp-content\/uploads\/40.jpg\" alt=\"\" width=\"79\" height=\"66\" \/><\/h4>\n<h4 class=\"csc-firstHeader\">40\u00b0\u00a0<span lang=\"FR-CH\">linge fin<\/span><\/h4>\n<\/div>\n<p>Linge fin, par exemple en modal, viscose, fibres synth\u00e9tiques (polyacrylique, polyester et polyamide). R\u00e9duire sensiblement la quantit\u00e9 de linge en ne remplissant la machine qu\u2019\u00e0 moiti\u00e9. S\u00e9lectionner le programme de lavage correspondant. \u00c9viter d&rsquo;essorer ou n\u2019essorer que bri\u00e8vement pour \u00e9viter tout risque de froissement.<\/p>\n<\/div><\/section><\/div>\n<style type=\"text\/css\" data-created_by=\"avia_inline_auto\" id=\"style-css-av-27hqi4-bb0d5e810c61e8413fa036283919e172\">\n.flex_column.av-27hqi4-bb0d5e810c61e8413fa036283919e172{\nborder-radius:0px 0px 0px 0px;\npadding:0px 0px 0px 0px;\n}\n<\/style>\n<div  class='flex_column av-27hqi4-bb0d5e810c61e8413fa036283919e172 av_one_half  avia-builder-el-12  el_after_av_one_half  el_before_av_one_half  flex_column_div av-zero-column-padding  '     ><section  class='av_textblock_section av-jtigx353-30d2035ff33ef2fc00b0062d4d54c505 '   itemscope=\"itemscope\" itemtype=\"https:\/\/schema.org\/CreativeWork\" ><div class='avia_textblock'  itemprop=\"text\" ><div class=\"csc-header csc-header-n1\">\n<div class=\"csc-header csc-header-n1\">\n<h4 class=\"csc-firstHeader\"><img loading=\"lazy\" decoding=\"async\" class=\"size-full wp-image-395 alignnone\" src=\"https:\/\/www.dorbena.com\/wp-content\/uploads\/60.jpg\" alt=\"\" width=\"80\" height=\"67\" \/><\/h4>\n<h4 class=\"csc-firstHeader\">60\u00b0\u00a0<span lang=\"FR-CH\">linge de couleur<\/span><\/h4>\n<\/div>\n<p>Articles faciles d\u2019entretien\u00a0: r\u00e9duire la quantit\u00e9 de linge en ne remplissant la machine qu\u2019aux 2\/3. S\u00e9lectionner le programme correspondant (cycle doux) avec ou sans pr\u00e9lavage. \u00c9viter d\u2019essorer ou n\u2019essorer que bri\u00e8vement pour \u00e9viter tout risque de froissement.<\/p>\n<\/div>\n<\/div><\/section><\/div>\n<style type=\"text\/css\" data-created_by=\"avia_inline_auto\" id=\"style-css-av-27hqi4-b8f930a15d08603571db5c0d48e3af25\">\n.flex_column.av-27hqi4-b8f930a15d08603571db5c0d48e3af25{\nborder-radius:0px 0px 0px 0px;\npadding:0px 0px 0px 0px;\n}\n<\/style>\n<div  class='flex_column av-27hqi4-b8f930a15d08603571db5c0d48e3af25 av_one_half  avia-builder-el-14  el_after_av_one_half  el_before_av_one_half  first flex_column_div av-zero-column-padding  column-top-margin'     ><section  class='av_textblock_section av-jtigx353-30d2035ff33ef2fc00b0062d4d54c505 '   itemscope=\"itemscope\" itemtype=\"https:\/\/schema.org\/CreativeWork\" ><div class='avia_textblock'  itemprop=\"text\" ><div class=\"csc-header csc-header-n1\">\n<div class=\"csc-header csc-header-n1\">\n<h4 class=\"csc-firstHeader\"><img loading=\"lazy\" decoding=\"async\" class=\"size-full wp-image-393 alignnone\" src=\"https:\/\/www.dorbena.com\/wp-content\/uploads\/keine_loesungsmittel.jpg\" alt=\"\" width=\"80\" height=\"67\" \/><\/h4>\n<h4 class=\"csc-firstHeader\">Ne pas utiliser de solvants<\/h4>\n<\/div>\n<p>Ne supporte pas le nettoyage avec des solvants.<br \/>\nNe pas utiliser de d\u00e9tachant \u00e0 base de solvants.<\/p>\n<\/div>\n<\/div><\/section><\/div>\n<style type=\"text\/css\" data-created_by=\"avia_inline_auto\" id=\"style-css-av-27hqi4-bb0d5e810c61e8413fa036283919e172\">\n.flex_column.av-27hqi4-bb0d5e810c61e8413fa036283919e172{\nborder-radius:0px 0px 0px 0px;\npadding:0px 0px 0px 0px;\n}\n<\/style>\n<div  class='flex_column av-27hqi4-bb0d5e810c61e8413fa036283919e172 av_one_half  avia-builder-el-16  el_after_av_one_half  el_before_av_one_half  flex_column_div av-zero-column-padding  column-top-margin'     ><section  class='av_textblock_section av-jtigx353-30d2035ff33ef2fc00b0062d4d54c505 '   itemscope=\"itemscope\" itemtype=\"https:\/\/schema.org\/CreativeWork\" ><div class='avia_textblock'  itemprop=\"text\" ><div class=\"csc-header csc-header-n1\">\n<div class=\"csc-header csc-header-n1\">\n<h4 class=\"csc-firstHeader\"><span style=\"font-size: 16px;\"><img loading=\"lazy\" decoding=\"async\" class=\"size-full wp-image-394 alignnone\" src=\"https:\/\/www.dorbena.com\/wp-content\/uploads\/nicht_buegeln.jpg\" alt=\"\" width=\"80\" height=\"67\" \/><\/span><\/h4>\n<h4 class=\"csc-firstHeader\">Ne pas repasser<\/h4>\n<\/div>\n<p>Des modifications ind\u00e9sirables et irr\u00e9versibles peuvent \u00e9ventuellement se produire lors du repassage.<\/p>\n<\/div>\n<\/div><\/section><\/div>\n<style type=\"text\/css\" data-created_by=\"avia_inline_auto\" id=\"style-css-av-27hqi4-b8f930a15d08603571db5c0d48e3af25\">\n.flex_column.av-27hqi4-b8f930a15d08603571db5c0d48e3af25{\nborder-radius:0px 0px 0px 0px;\npadding:0px 0px 0px 0px;\n}\n<\/style>\n<div  class='flex_column av-27hqi4-b8f930a15d08603571db5c0d48e3af25 av_one_half  avia-builder-el-18  el_after_av_one_half  el_before_av_one_half  first flex_column_div av-zero-column-padding  column-top-margin'     ><section  class='av_textblock_section av-jtigx353-30d2035ff33ef2fc00b0062d4d54c505 '   itemscope=\"itemscope\" itemtype=\"https:\/\/schema.org\/CreativeWork\" ><div class='avia_textblock'  itemprop=\"text\" ><div class=\"csc-header csc-header-n1\">\n<div class=\"csc-header csc-header-n1\">\n<h4 class=\"csc-firstHeader\"><img loading=\"lazy\" decoding=\"async\" class=\"wp-image-392 size-full alignnone\" src=\"https:\/\/www.dorbena.com\/wp-content\/uploads\/keine_chlorbleiche_03.jpg\" alt=\"\" width=\"80\" height=\"68\" \/><\/h4>\n<h4 class=\"csc-firstHeader\">Ne pas traiter au chlore<\/h4>\n<\/div>\n<p class=\"bodytext\">\n<\/div>\n<\/div><\/section><\/div>\n<style type=\"text\/css\" data-created_by=\"avia_inline_auto\" id=\"style-css-av-27hqi4-bb0d5e810c61e8413fa036283919e172\">\n.flex_column.av-27hqi4-bb0d5e810c61e8413fa036283919e172{\nborder-radius:0px 0px 0px 0px;\npadding:0px 0px 0px 0px;\n}\n<\/style>\n<div  class='flex_column av-27hqi4-bb0d5e810c61e8413fa036283919e172 av_one_half  avia-builder-el-20  el_after_av_one_half  el_before_av_one_half  flex_column_div av-zero-column-padding  column-top-margin'     ><section  class='av_textblock_section av-jtigx353-30d2035ff33ef2fc00b0062d4d54c505 '   itemscope=\"itemscope\" itemtype=\"https:\/\/schema.org\/CreativeWork\" ><div class='avia_textblock'  itemprop=\"text\" ><h4 class=\"csc-firstHeader\"><img loading=\"lazy\" decoding=\"async\" class=\"size-full wp-image-391 alignnone\" src=\"https:\/\/www.dorbena.com\/wp-content\/uploads\/reinigung-f.jpg\" alt=\"\" width=\"80\" height=\"67\" \/><\/h4>\n<h4 class=\"csc-firstHeader\">Processus de nettoyage avec une limitation stricte de l\u2019humidit\u00e9 ajout\u00e9e et\/ou de l\u2019action m\u00e9canique et\/ou de la temp\u00e9rature<\/h4>\n<p>Pas de nettoyage au poids.<br \/>\nNe pas utiliser de d\u00e9tachants courants \u00e0 base de solvants.<\/p>\n<\/div><\/section><\/div>\n<style type=\"text\/css\" data-created_by=\"avia_inline_auto\" id=\"style-css-av-27hqi4-b8f930a15d08603571db5c0d48e3af25\">\n.flex_column.av-27hqi4-b8f930a15d08603571db5c0d48e3af25{\nborder-radius:0px 0px 0px 0px;\npadding:0px 0px 0px 0px;\n}\n<\/style>\n<div  class='flex_column av-27hqi4-b8f930a15d08603571db5c0d48e3af25 av_one_half  avia-builder-el-22  el_after_av_one_half  el_before_av_one_half  first flex_column_div av-zero-column-padding  column-top-margin'     ><section  class='av_textblock_section av-jtigx353-30d2035ff33ef2fc00b0062d4d54c505 '   itemscope=\"itemscope\" itemtype=\"https:\/\/schema.org\/CreativeWork\" ><div class='avia_textblock'  itemprop=\"text\" ><div class=\"csc-header csc-header-n1\">\n<div class=\"csc-header csc-header-n1\">\n<h4 class=\"csc-firstHeader\"><img loading=\"lazy\" decoding=\"async\" class=\"wp-image-389 size-full alignnone\" src=\"https:\/\/www.dorbena.com\/wp-content\/uploads\/normal_trocknen_04.jpg\" alt=\"\" width=\"80\" height=\"67\" \/><\/h4>\n<h4 class=\"csc-firstHeader\">S\u00e9chage normal<\/h4>\n<p>S\u00e9chage dans le s\u00e8che-linge \u00e0 temp\u00e9rature normale, sans restriction.<\/p>\n<\/div>\n<p class=\"bodytext\">\n<\/div>\n<\/div><\/section><\/div>\n<style type=\"text\/css\" data-created_by=\"avia_inline_auto\" id=\"style-css-av-27hqi4-bb0d5e810c61e8413fa036283919e172\">\n.flex_column.av-27hqi4-bb0d5e810c61e8413fa036283919e172{\nborder-radius:0px 0px 0px 0px;\npadding:0px 0px 0px 0px;\n}\n<\/style>\n<div  class='flex_column av-27hqi4-bb0d5e810c61e8413fa036283919e172 av_one_half  avia-builder-el-24  el_after_av_one_half  el_before_av_one_half  flex_column_div av-zero-column-padding  column-top-margin'     ><section  class='av_textblock_section av-jtigx353-30d2035ff33ef2fc00b0062d4d54c505 '   itemscope=\"itemscope\" itemtype=\"https:\/\/schema.org\/CreativeWork\" ><div class='avia_textblock'  itemprop=\"text\" ><div class=\"csc-header csc-header-n1\">\n<div class=\"csc-header csc-header-n1\">\n<h4 class=\"csc-firstHeader\"><img loading=\"lazy\" decoding=\"async\" class=\"size-full wp-image-388 alignnone\" src=\"https:\/\/www.dorbena.com\/wp-content\/uploads\/schonend_trocknen.jpg\" alt=\"\" width=\"80\" height=\"67\" \/><\/h4>\n<h4 class=\"csc-firstHeader\">S\u00e9chage d\u00e9licat<\/h4>\n<\/div>\n<p>Attention lors du s\u00e9chage en s\u00e8che-linge. S\u00e9lectionner le programme avec une charge thermique r\u00e9duite (temp\u00e9rature et dur\u00e9e de traitement).<\/p>\n<\/div>\n<\/div><\/section><\/div>\n<style type=\"text\/css\" data-created_by=\"avia_inline_auto\" id=\"style-css-av-27hqi4-b8f930a15d08603571db5c0d48e3af25\">\n.flex_column.av-27hqi4-b8f930a15d08603571db5c0d48e3af25{\nborder-radius:0px 0px 0px 0px;\npadding:0px 0px 0px 0px;\n}\n<\/style>\n<div  class='flex_column av-27hqi4-b8f930a15d08603571db5c0d48e3af25 av_one_half  avia-builder-el-26  el_after_av_one_half  avia-builder-el-last  first flex_column_div av-zero-column-padding  column-top-margin'     ><section  class='av_textblock_section av-jtigx353-30d2035ff33ef2fc00b0062d4d54c505 '   itemscope=\"itemscope\" itemtype=\"https:\/\/schema.org\/CreativeWork\" ><div class='avia_textblock'  itemprop=\"text\" ><div class=\"csc-header csc-header-n1\">\n<div class=\"csc-header csc-header-n1\">\n<h4 class=\"csc-firstHeader\"><img loading=\"lazy\" decoding=\"async\" class=\"size-full wp-image-387 alignnone\" src=\"https:\/\/www.dorbena.com\/wp-content\/uploads\/nicht_tumblern.jpg\" alt=\"\" width=\"80\" height=\"67\" \/><\/h4>\n<h4 class=\"csc-firstHeader\">Ne pas mettre au s\u00e8che-linge<\/h4>\n<\/div>\n<p>L&rsquo;article ne supporte pas le s\u00e9chage en s\u00e8che-linge.<\/p>\n<\/div>\n<\/div><\/section><\/div>\n\n","protected":false},"excerpt":{"rendered":"","protected":false},"author":1,"featured_media":0,"parent":0,"menu_order":12,"comment_status":"closed","ping_status":"closed","template":"","meta":{"footnotes":""},"class_list":["post-9163","page","type-page","status-publish","hentry"],"yoast_head":"<!-- This site is optimized with the Yoast SEO plugin v27.1.1 - https:\/\/yoast.com\/product\/yoast-seo-wordpress\/ -->\n<title>Symboles d\u2019entretien - Duvets, Bettdecken, Kissen, Matratzenauflagen<\/title>\n<meta name=\"robots\" content=\"index, follow, max-snippet:-1, max-image-preview:large, max-video-preview:-1\" \/>\n<link rel=\"canonical\" href=\"https:\/\/www.dorbena.com\/fr\/symboles-dentretien\/\" \/>\n<meta property=\"og:locale\" content=\"fr_FR\" \/>\n<meta property=\"og:type\" content=\"article\" \/>\n<meta property=\"og:title\" content=\"Symboles d\u2019entretien - Duvets, Bettdecken, Kissen, Matratzenauflagen\" \/>\n<meta property=\"og:url\" content=\"https:\/\/www.dorbena.com\/fr\/symboles-dentretien\/\" \/>\n<meta property=\"og:site_name\" content=\"Duvets, Bettdecken, Kissen, Matratzenauflagen\" \/>\n<meta property=\"article:modified_time\" content=\"2020-11-24T07:36:11+00:00\" \/>\n<meta property=\"og:image\" content=\"https:\/\/www.dorbena.com\/wp-content\/uploads\/40.jpg\" \/>\n<meta name=\"twitter:card\" content=\"summary_large_image\" \/>\n<meta name=\"twitter:label1\" content=\"Dur\u00e9e de lecture estim\u00e9e\" \/>\n\t<meta name=\"twitter:data1\" content=\"11 minutes\" \/>\n<script type=\"application\/ld+json\" class=\"yoast-schema-graph\">{\"@context\":\"https:\/\/schema.org\",\"@graph\":[{\"@type\":\"WebPage\",\"@id\":\"https:\/\/www.dorbena.com\/fr\/symboles-dentretien\/\",\"url\":\"https:\/\/www.dorbena.com\/fr\/symboles-dentretien\/\",\"name\":\"Symboles d\u2019entretien - Duvets, Bettdecken, Kissen, Matratzenauflagen\",\"isPartOf\":{\"@id\":\"https:\/\/www.dorbena.com\/fr\/#website\"},\"primaryImageOfPage\":{\"@id\":\"https:\/\/www.dorbena.com\/fr\/symboles-dentretien\/#primaryimage\"},\"image\":{\"@id\":\"https:\/\/www.dorbena.com\/fr\/symboles-dentretien\/#primaryimage\"},\"thumbnailUrl\":\"https:\/\/www.dorbena.com\/wp-content\/uploads\/40.jpg\",\"datePublished\":\"2020-11-24T07:36:09+00:00\",\"dateModified\":\"2020-11-24T07:36:11+00:00\",\"breadcrumb\":{\"@id\":\"https:\/\/www.dorbena.com\/fr\/symboles-dentretien\/#breadcrumb\"},\"inLanguage\":\"fr-FR\",\"potentialAction\":[{\"@type\":\"ReadAction\",\"target\":[\"https:\/\/www.dorbena.com\/fr\/symboles-dentretien\/\"]}]},{\"@type\":\"ImageObject\",\"inLanguage\":\"fr-FR\",\"@id\":\"https:\/\/www.dorbena.com\/fr\/symboles-dentretien\/#primaryimage\",\"url\":\"https:\/\/www.dorbena.com\/wp-content\/uploads\/40.jpg\",\"contentUrl\":\"https:\/\/www.dorbena.com\/wp-content\/uploads\/40.jpg\"},{\"@type\":\"BreadcrumbList\",\"@id\":\"https:\/\/www.dorbena.com\/fr\/symboles-dentretien\/#breadcrumb\",\"itemListElement\":[{\"@type\":\"ListItem\",\"position\":1,\"name\":\"Startseite\",\"item\":\"https:\/\/www.dorbena.com\/fr\/\"},{\"@type\":\"ListItem\",\"position\":2,\"name\":\"Symboles d\u2019entretien\"}]},{\"@type\":\"WebSite\",\"@id\":\"https:\/\/www.dorbena.com\/fr\/#website\",\"url\":\"https:\/\/www.dorbena.com\/fr\/\",\"name\":\"Duvets, Bettdecken, Kissen, Matratzenauflagen\",\"description\":\"Dorbena AG Bettwarenfabrik\",\"potentialAction\":[{\"@type\":\"SearchAction\",\"target\":{\"@type\":\"EntryPoint\",\"urlTemplate\":\"https:\/\/www.dorbena.com\/fr\/?s={search_term_string}\"},\"query-input\":{\"@type\":\"PropertyValueSpecification\",\"valueRequired\":true,\"valueName\":\"search_term_string\"}}],\"inLanguage\":\"fr-FR\"}]}<\/script>\n<!-- \/ Yoast SEO plugin. -->","yoast_head_json":{"title":"Symboles d\u2019entretien - Duvets, Bettdecken, Kissen, Matratzenauflagen","robots":{"index":"index","follow":"follow","max-snippet":"max-snippet:-1","max-image-preview":"max-image-preview:large","max-video-preview":"max-video-preview:-1"},"canonical":"https:\/\/www.dorbena.com\/fr\/symboles-dentretien\/","og_locale":"fr_FR","og_type":"article","og_title":"Symboles d\u2019entretien - Duvets, Bettdecken, Kissen, Matratzenauflagen","og_url":"https:\/\/www.dorbena.com\/fr\/symboles-dentretien\/","og_site_name":"Duvets, Bettdecken, Kissen, Matratzenauflagen","article_modified_time":"2020-11-24T07:36:11+00:00","og_image":[{"url":"https:\/\/www.dorbena.com\/wp-content\/uploads\/40.jpg","type":"","width":"","height":""}],"twitter_card":"summary_large_image","twitter_misc":{"Dur\u00e9e de lecture estim\u00e9e":"11 minutes"},"schema":{"@context":"https:\/\/schema.org","@graph":[{"@type":"WebPage","@id":"https:\/\/www.dorbena.com\/fr\/symboles-dentretien\/","url":"https:\/\/www.dorbena.com\/fr\/symboles-dentretien\/","name":"Symboles d\u2019entretien - Duvets, Bettdecken, Kissen, Matratzenauflagen","isPartOf":{"@id":"https:\/\/www.dorbena.com\/fr\/#website"},"primaryImageOfPage":{"@id":"https:\/\/www.dorbena.com\/fr\/symboles-dentretien\/#primaryimage"},"image":{"@id":"https:\/\/www.dorbena.com\/fr\/symboles-dentretien\/#primaryimage"},"thumbnailUrl":"https:\/\/www.dorbena.com\/wp-content\/uploads\/40.jpg","datePublished":"2020-11-24T07:36:09+00:00","dateModified":"2020-11-24T07:36:11+00:00","breadcrumb":{"@id":"https:\/\/www.dorbena.com\/fr\/symboles-dentretien\/#breadcrumb"},"inLanguage":"fr-FR","potentialAction":[{"@type":"ReadAction","target":["https:\/\/www.dorbena.com\/fr\/symboles-dentretien\/"]}]},{"@type":"ImageObject","inLanguage":"fr-FR","@id":"https:\/\/www.dorbena.com\/fr\/symboles-dentretien\/#primaryimage","url":"https:\/\/www.dorbena.com\/wp-content\/uploads\/40.jpg","contentUrl":"https:\/\/www.dorbena.com\/wp-content\/uploads\/40.jpg"},{"@type":"BreadcrumbList","@id":"https:\/\/www.dorbena.com\/fr\/symboles-dentretien\/#breadcrumb","itemListElement":[{"@type":"ListItem","position":1,"name":"Startseite","item":"https:\/\/www.dorbena.com\/fr\/"},{"@type":"ListItem","position":2,"name":"Symboles d\u2019entretien"}]},{"@type":"WebSite","@id":"https:\/\/www.dorbena.com\/fr\/#website","url":"https:\/\/www.dorbena.com\/fr\/","name":"Duvets, Bettdecken, Kissen, Matratzenauflagen","description":"Dorbena AG Bettwarenfabrik","potentialAction":[{"@type":"SearchAction","target":{"@type":"EntryPoint","urlTemplate":"https:\/\/www.dorbena.com\/fr\/?s={search_term_string}"},"query-input":{"@type":"PropertyValueSpecification","valueRequired":true,"valueName":"search_term_string"}}],"inLanguage":"fr-FR"}]}},"_links":{"self":[{"href":"https:\/\/www.dorbena.com\/fr\/wp-json\/wp\/v2\/pages\/9163","targetHints":{"allow":["GET"]}}],"collection":[{"href":"https:\/\/www.dorbena.com\/fr\/wp-json\/wp\/v2\/pages"}],"about":[{"href":"https:\/\/www.dorbena.com\/fr\/wp-json\/wp\/v2\/types\/page"}],"author":[{"embeddable":true,"href":"https:\/\/www.dorbena.com\/fr\/wp-json\/wp\/v2\/users\/1"}],"replies":[{"embeddable":true,"href":"https:\/\/www.dorbena.com\/fr\/wp-json\/wp\/v2\/comments?post=9163"}],"version-history":[{"count":0,"href":"https:\/\/www.dorbena.com\/fr\/wp-json\/wp\/v2\/pages\/9163\/revisions"}],"wp:attachment":[{"href":"https:\/\/www.dorbena.com\/fr\/wp-json\/wp\/v2\/media?parent=9163"}],"curies":[{"name":"wp","href":"https:\/\/api.w.org\/{rel}","templated":true}]}}